{"id":66,"date":"2018-08-29T12:35:29","date_gmt":"2018-08-29T12:35:29","guid":{"rendered":"http:\/\/avao.ca\/?page_id=66"},"modified":"2026-04-18T10:24:34","modified_gmt":"2026-04-18T15:24:34","slug":"calendrier","status":"publish","type":"page","link":"https:\/\/avao.ca\/en\/calendrier\/","title":{"rendered":"Calendar"},"content":{"rendered":"<div data-elementor-type=\"wp-page\" data-elementor-id=\"66\" class=\"elementor elementor-66\">\n\t\t\t\t\t\t<section class=\"elementor-section elementor-top-section elementor-element elementor-element-deb658a elementor-section-boxed elementor-section-height-default elementor-section-height-default\" data-id=\"deb658a\" data-element_type=\"section\" data-e-type=\"section\">\n\t\t\t\t\t\t<div class=\"elementor-container elementor-column-gap-default\">\n\t\t\t\t\t<div class=\"elementor-column elementor-col-100 elementor-top-column elementor-element elementor-element-29419ec\" data-id=\"29419ec\" data-element_type=\"column\" data-e-type=\"column\">\n\t\t\t<div class=\"elementor-widget-wrap elementor-element-populated\">\n\t\t\t\t\t\t<div class=\"elementor-element elementor-element-65d41c3 elementor-widget elementor-widget-spacer\" data-id=\"65d41c3\" data-element_type=\"widget\" data-e-type=\"widget\" data-widget_type=\"spacer.default\">\n\t\t\t\t<div class=\"elementor-widget-container\">\n\t\t\t\t\t\t\t<div class=\"elementor-spacer\">\n\t\t\t<div class=\"elementor-spacer-inner\"><\/div>\n\t\t<\/div>\n\t\t\t\t\t\t<\/div>\n\t\t\t\t<\/div>\n\t\t\t\t<div class=\"elementor-element elementor-element-4b51d64 elementor-widget elementor-widget-heading\" data-id=\"4b51d64\" data-element_type=\"widget\" data-e-type=\"widget\" data-widget_type=\"heading.default\">\n\t\t\t\t<div class=\"elementor-widget-container\">\n\t\t\t\t\t<h2 class=\"elementor-heading-title elementor-size-large\">Calendrier des activit\u00e9s  <\/h2>\t\t\t\t<\/div>\n\t\t\t\t<\/div>\n\t\t\t\t<div class=\"elementor-element elementor-element-cdc2ba0 elementor-widget elementor-widget-heading\" data-id=\"cdc2ba0\" data-element_type=\"widget\" data-e-type=\"widget\" data-widget_type=\"heading.default\">\n\t\t\t\t<div class=\"elementor-widget-container\">\n\t\t\t\t\t<h1 class=\"elementor-heading-title elementor-size-default\">Les heures et endroits des d\u00e9parts vous seront communiqu\u00e9s lors des rencontres du mercredi<\/h1>\t\t\t\t<\/div>\n\t\t\t\t<\/div>\n\t\t\t\t<div class=\"elementor-element elementor-element-bead25b elementor-widget elementor-widget-spacer\" data-id=\"bead25b\" data-element_type=\"widget\" data-e-type=\"widget\" data-widget_type=\"spacer.default\">\n\t\t\t\t<div class=\"elementor-widget-container\">\n\t\t\t\t\t\t\t<div class=\"elementor-spacer\">\n\t\t\t<div class=\"elementor-spacer-inner\"><\/div>\n\t\t<\/div>\n\t\t\t\t\t\t<\/div>\n\t\t\t\t<\/div>\n\t\t\t\t<div class=\"elementor-element elementor-element-bf524dc elementor-widget elementor-widget-heading\" data-id=\"bf524dc\" data-element_type=\"widget\" data-e-type=\"widget\" data-widget_type=\"heading.default\">\n\t\t\t\t<div class=\"elementor-widget-container\">\n\t\t\t\t\t<h1 class=\"elementor-heading-title elementor-size-default\">Les rencontres de la saison 2026 se tiendront au 25 Chemin de la Savane              \n\n      dans le stationnement du Domino's Pizza d\u00e8s le 6 mai 2026<\/h1>\t\t\t\t<\/div>\n\t\t\t\t<\/div>\n\t\t\t\t<div class=\"elementor-element elementor-element-1a7054b elementor-widget elementor-widget-heading\" data-id=\"1a7054b\" data-element_type=\"widget\" data-e-type=\"widget\" data-widget_type=\"heading.default\">\n\t\t\t\t<div class=\"elementor-widget-container\">\n\t\t\t\t\t<h2 class=\"elementor-heading-title elementor-size-default\">Cliquer sur l'auto puour afficher la mappe<\/h2>\t\t\t\t<\/div>\n\t\t\t\t<\/div>\n\t\t\t\t<div class=\"elementor-element elementor-element-b0208cc elementor-widget elementor-widget-image\" data-id=\"b0208cc\" data-element_type=\"widget\" data-e-type=\"widget\" data-widget_type=\"image.default\">\n\t\t\t\t<div class=\"elementor-widget-container\">\n\t\t\t\t\t\t\t\t\t\t\t\t\t\t\t\t<a href=\"https:\/\/www.google.com\/maps\/place\/Domino&#039;s+Pizza\/@45.4743278,-75.7049173,17z\/data=!3m1!4b1!4m6!3m5!1s0x4cce1bac346d63bb:0xefb910c35f6ee0fb!8m2!3d45.4743241!4d-75.7023424!16s%2Fg%2F11j3vl6mld?entry=ttu&#038;g_ep=EgoyMDI0MTExOS4yIKXMDSoASAFQAw%3D%3D\">\n\t\t\t\t\t\t\t<img fetchpriority=\"high\" decoding=\"async\" width=\"1024\" height=\"547\" src=\"https:\/\/avao.ca\/wp-content\/uploads\/2025\/07\/55-Chevy-epreuve-22-1024x547.jpg\" class=\"attachment-large size-large wp-image-4606\" alt=\"\" srcset=\"https:\/\/avao.ca\/wp-content\/uploads\/2025\/07\/55-Chevy-epreuve-22-1024x547.jpg 1024w, https:\/\/avao.ca\/wp-content\/uploads\/2025\/07\/55-Chevy-epreuve-22-300x160.jpg 300w, https:\/\/avao.ca\/wp-content\/uploads\/2025\/07\/55-Chevy-epreuve-22-768x411.jpg 768w, https:\/\/avao.ca\/wp-content\/uploads\/2025\/07\/55-Chevy-epreuve-22-1536x821.jpg 1536w, https:\/\/avao.ca\/wp-content\/uploads\/2025\/07\/55-Chevy-epreuve-22-2048x1095.jpg 2048w, https:\/\/avao.ca\/wp-content\/uploads\/2025\/07\/55-Chevy-epreuve-22-18x10.jpg 18w\" sizes=\"(max-width: 1024px) 100vw, 1024px\" \/>\t\t\t\t\t\t\t\t<\/a>\n\t\t\t\t\t\t\t\t\t\t\t\t\t\t\t<\/div>\n\t\t\t\t<\/div>\n\t\t\t\t<div class=\"elementor-element elementor-element-cc163f9 elementor-widget elementor-widget-spacer\" data-id=\"cc163f9\" data-element_type=\"widget\" data-e-type=\"widget\" data-widget_type=\"spacer.default\">\n\t\t\t\t<div class=\"elementor-widget-container\">\n\t\t\t\t\t\t\t<div class=\"elementor-spacer\">\n\t\t\t<div class=\"elementor-spacer-inner\"><\/div>\n\t\t<\/div>\n\t\t\t\t\t\t<\/div>\n\t\t\t\t<\/div>\n\t\t\t\t<div class=\"elementor-element elementor-element-2445179 elementor-widget elementor-widget-heading\" data-id=\"2445179\" data-element_type=\"widget\" data-e-type=\"widget\" data-widget_type=\"heading.default\">\n\t\t\t\t<div class=\"elementor-widget-container\">\n\t\t\t\t\t<h2 class=\"elementor-heading-title elementor-size-default\">Luskville Drag Way dimanche le 7 juin 2026<\/h2>\t\t\t\t<\/div>\n\t\t\t\t<\/div>\n\t\t\t\t<div class=\"elementor-element elementor-element-1a65495 elementor-widget elementor-widget-image\" data-id=\"1a65495\" data-element_type=\"widget\" data-e-type=\"widget\" data-widget_type=\"image.default\">\n\t\t\t\t<div class=\"elementor-widget-container\">\n\t\t\t\t\t\t\t\t\t\t\t\t\t\t\t<img decoding=\"async\" width=\"768\" height=\"1140\" src=\"https:\/\/avao.ca\/wp-content\/uploads\/2026\/04\/Luskville-768x1140.jpg\" class=\"attachment-medium_large size-medium_large wp-image-18189\" alt=\"\" srcset=\"https:\/\/avao.ca\/wp-content\/uploads\/2026\/04\/Luskville-768x1140.jpg 768w, https:\/\/avao.ca\/wp-content\/uploads\/2026\/04\/Luskville-202x300.jpg 202w, https:\/\/avao.ca\/wp-content\/uploads\/2026\/04\/Luskville-690x1024.jpg 690w, https:\/\/avao.ca\/wp-content\/uploads\/2026\/04\/Luskville-1035x1536.jpg 1035w, https:\/\/avao.ca\/wp-content\/uploads\/2026\/04\/Luskville-8x12.jpg 8w, https:\/\/avao.ca\/wp-content\/uploads\/2026\/04\/Luskville.jpg 1364w\" sizes=\"(max-width: 768px) 100vw, 768px\" \/>\t\t\t\t\t\t\t\t\t\t\t\t\t\t\t<\/div>\n\t\t\t\t<\/div>\n\t\t\t\t<div class=\"elementor-element elementor-element-ace4d7d elementor-widget elementor-widget-spacer\" data-id=\"ace4d7d\" data-element_type=\"widget\" data-e-type=\"widget\" data-widget_type=\"spacer.default\">\n\t\t\t\t<div class=\"elementor-widget-container\">\n\t\t\t\t\t\t\t<div class=\"elementor-spacer\">\n\t\t\t<div class=\"elementor-spacer-inner\"><\/div>\n\t\t<\/div>\n\t\t\t\t\t\t<\/div>\n\t\t\t\t<\/div>\n\t\t\t\t<div class=\"elementor-element elementor-element-5ed459b elementor-widget elementor-widget-heading\" data-id=\"5ed459b\" data-element_type=\"widget\" data-e-type=\"widget\" data-widget_type=\"heading.default\">\n\t\t\t\t<div class=\"elementor-widget-container\">\n\t\t\t\t\t<h1 class=\"elementor-heading-title elementor-size-default\">Auto show Bowman \n\nSamedi le 4 juillet 2026<\/h1>\t\t\t\t<\/div>\n\t\t\t\t<\/div>\n\t\t\t\t<div class=\"elementor-element elementor-element-9c3d7a5 elementor-widget elementor-widget-image\" data-id=\"9c3d7a5\" data-element_type=\"widget\" data-e-type=\"widget\" data-widget_type=\"image.default\">\n\t\t\t\t<div class=\"elementor-widget-container\">\n\t\t\t\t\t\t\t\t\t\t\t\t\t\t\t<img decoding=\"async\" width=\"768\" height=\"773\" src=\"https:\/\/avao.ca\/wp-content\/uploads\/2026\/03\/Bowman-1-768x773.jpg\" class=\"attachment-medium_large size-medium_large wp-image-18072\" alt=\"\" srcset=\"https:\/\/avao.ca\/wp-content\/uploads\/2026\/03\/Bowman-1-768x773.jpg 768w, https:\/\/avao.ca\/wp-content\/uploads\/2026\/03\/Bowman-1-298x300.jpg 298w, https:\/\/avao.ca\/wp-content\/uploads\/2026\/03\/Bowman-1-1018x1024.jpg 1018w, https:\/\/avao.ca\/wp-content\/uploads\/2026\/03\/Bowman-1-150x150.jpg 150w, https:\/\/avao.ca\/wp-content\/uploads\/2026\/03\/Bowman-1-1527x1536.jpg 1527w, https:\/\/avao.ca\/wp-content\/uploads\/2026\/03\/Bowman-1-12x12.jpg 12w, https:\/\/avao.ca\/wp-content\/uploads\/2026\/03\/Bowman-1.jpg 2036w\" sizes=\"(max-width: 768px) 100vw, 768px\" \/>\t\t\t\t\t\t\t\t\t\t\t\t\t\t\t<\/div>\n\t\t\t\t<\/div>\n\t\t\t\t<div class=\"elementor-element elementor-element-9f68a8e elementor-widget elementor-widget-spacer\" data-id=\"9f68a8e\" data-element_type=\"widget\" data-e-type=\"widget\" data-widget_type=\"spacer.default\">\n\t\t\t\t<div class=\"elementor-widget-container\">\n\t\t\t\t\t\t\t<div class=\"elementor-spacer\">\n\t\t\t<div class=\"elementor-spacer-inner\"><\/div>\n\t\t<\/div>\n\t\t\t\t\t\t<\/div>\n\t\t\t\t<\/div>\n\t\t\t\t<div class=\"elementor-element elementor-element-2102e04 elementor-widget elementor-widget-heading\" data-id=\"2102e04\" data-element_type=\"widget\" data-e-type=\"widget\" data-widget_type=\"heading.default\">\n\t\t\t\t<div class=\"elementor-widget-container\">\n\t\t\t\t\t<h2 class=\"elementor-heading-title elementor-size-default\">Exposition d'autos Ch\u00e9n\u00e9ville le 12 juillet 2026<\/h2>\t\t\t\t<\/div>\n\t\t\t\t<\/div>\n\t\t\t\t<div class=\"elementor-element elementor-element-982fec3 elementor-widget elementor-widget-image\" data-id=\"982fec3\" data-element_type=\"widget\" data-e-type=\"widget\" data-widget_type=\"image.default\">\n\t\t\t\t<div class=\"elementor-widget-container\">\n\t\t\t\t\t\t\t\t\t\t\t\t\t\t\t<img loading=\"lazy\" decoding=\"async\" width=\"768\" height=\"764\" src=\"https:\/\/avao.ca\/wp-content\/uploads\/2026\/04\/Cheneville-2026-768x764.jpg\" class=\"attachment-medium_large size-medium_large wp-image-18162\" alt=\"\" srcset=\"https:\/\/avao.ca\/wp-content\/uploads\/2026\/04\/Cheneville-2026-768x764.jpg 768w, https:\/\/avao.ca\/wp-content\/uploads\/2026\/04\/Cheneville-2026-300x298.jpg 300w, https:\/\/avao.ca\/wp-content\/uploads\/2026\/04\/Cheneville-2026-1024x1018.jpg 1024w, https:\/\/avao.ca\/wp-content\/uploads\/2026\/04\/Cheneville-2026-150x150.jpg 150w, https:\/\/avao.ca\/wp-content\/uploads\/2026\/04\/Cheneville-2026-1536x1527.jpg 1536w, https:\/\/avao.ca\/wp-content\/uploads\/2026\/04\/Cheneville-2026-2048x2036.jpg 2048w, https:\/\/avao.ca\/wp-content\/uploads\/2026\/04\/Cheneville-2026-12x12.jpg 12w\" sizes=\"(max-width: 768px) 100vw, 768px\" \/>\t\t\t\t\t\t\t\t\t\t\t\t\t\t\t<\/div>\n\t\t\t\t<\/div>\n\t\t\t\t<div class=\"elementor-element elementor-element-897471e elementor-widget elementor-widget-spacer\" data-id=\"897471e\" data-element_type=\"widget\" data-e-type=\"widget\" data-widget_type=\"spacer.default\">\n\t\t\t\t<div class=\"elementor-widget-container\">\n\t\t\t\t\t\t\t<div class=\"elementor-spacer\">\n\t\t\t<div class=\"elementor-spacer-inner\"><\/div>\n\t\t<\/div>\n\t\t\t\t\t\t<\/div>\n\t\t\t\t<\/div>\n\t\t\t\t<div class=\"elementor-element elementor-element-50618be elementor-widget elementor-widget-heading\" data-id=\"50618be\" data-element_type=\"widget\" data-e-type=\"widget\" data-widget_type=\"heading.default\">\n\t\t\t\t<div class=\"elementor-widget-container\">\n\t\t\t\t\t<h2 class=\"elementor-heading-title elementor-size-default\">Granby international                                        \n\n                                                                               les 31 juillet -1er et2 ao\u00fbt 2026<\/h2>\t\t\t\t<\/div>\n\t\t\t\t<\/div>\n\t\t\t\t<div class=\"elementor-element elementor-element-9d92e38 elementor-widget elementor-widget-image\" data-id=\"9d92e38\" data-element_type=\"widget\" data-e-type=\"widget\" data-widget_type=\"image.default\">\n\t\t\t\t<div class=\"elementor-widget-container\">\n\t\t\t\t\t\t\t\t\t\t\t\t\t\t\t<img loading=\"lazy\" decoding=\"async\" width=\"768\" height=\"493\" src=\"https:\/\/avao.ca\/wp-content\/uploads\/2026\/03\/Granby-1-768x493.jpg\" class=\"attachment-medium_large size-medium_large wp-image-18073\" alt=\"\" srcset=\"https:\/\/avao.ca\/wp-content\/uploads\/2026\/03\/Granby-1-768x493.jpg 768w, https:\/\/avao.ca\/wp-content\/uploads\/2026\/03\/Granby-1-300x193.jpg 300w, https:\/\/avao.ca\/wp-content\/uploads\/2026\/03\/Granby-1-1024x657.jpg 1024w, https:\/\/avao.ca\/wp-content\/uploads\/2026\/03\/Granby-1-1536x986.jpg 1536w, https:\/\/avao.ca\/wp-content\/uploads\/2026\/03\/Granby-1-2048x1315.jpg 2048w, https:\/\/avao.ca\/wp-content\/uploads\/2026\/03\/Granby-1-18x12.jpg 18w\" sizes=\"(max-width: 768px) 100vw, 768px\" \/>\t\t\t\t\t\t\t\t\t\t\t\t\t\t\t<\/div>\n\t\t\t\t<\/div>\n\t\t\t\t<div class=\"elementor-element elementor-element-3749904 elementor-widget elementor-widget-spacer\" data-id=\"3749904\" data-element_type=\"widget\" data-e-type=\"widget\" data-widget_type=\"spacer.default\">\n\t\t\t\t<div class=\"elementor-widget-container\">\n\t\t\t\t\t\t\t<div class=\"elementor-spacer\">\n\t\t\t<div class=\"elementor-spacer-inner\"><\/div>\n\t\t<\/div>\n\t\t\t\t\t\t<\/div>\n\t\t\t\t<\/div>\n\t\t\t\t<div class=\"elementor-element elementor-element-f2e4472 elementor-widget elementor-widget-heading\" data-id=\"f2e4472\" data-element_type=\"widget\" data-e-type=\"widget\" data-widget_type=\"heading.default\">\n\t\t\t\t<div class=\"elementor-widget-container\">\n\t\t\t\t\t<h2 class=\"elementor-heading-title elementor-size-default\">Bike and Rod le 8 ao\u00fbt 2026<\/h2>\t\t\t\t<\/div>\n\t\t\t\t<\/div>\n\t\t\t\t<div class=\"elementor-element elementor-element-7f952bf elementor-widget elementor-widget-image\" data-id=\"7f952bf\" data-element_type=\"widget\" data-e-type=\"widget\" data-widget_type=\"image.default\">\n\t\t\t\t<div class=\"elementor-widget-container\">\n\t\t\t\t\t\t\t\t\t\t\t\t\t\t\t<img loading=\"lazy\" decoding=\"async\" width=\"768\" height=\"996\" src=\"https:\/\/avao.ca\/wp-content\/uploads\/2026\/04\/Devil-31-768x996.jpg\" class=\"attachment-medium_large size-medium_large wp-image-18182\" alt=\"\" srcset=\"https:\/\/avao.ca\/wp-content\/uploads\/2026\/04\/Devil-31-768x996.jpg 768w, https:\/\/avao.ca\/wp-content\/uploads\/2026\/04\/Devil-31-231x300.jpg 231w, https:\/\/avao.ca\/wp-content\/uploads\/2026\/04\/Devil-31-790x1024.jpg 790w, https:\/\/avao.ca\/wp-content\/uploads\/2026\/04\/Devil-31-1184x1536.jpg 1184w, https:\/\/avao.ca\/wp-content\/uploads\/2026\/04\/Devil-31-9x12.jpg 9w, https:\/\/avao.ca\/wp-content\/uploads\/2026\/04\/Devil-31.jpg 1579w\" sizes=\"(max-width: 768px) 100vw, 768px\" \/>\t\t\t\t\t\t\t\t\t\t\t\t\t\t\t<\/div>\n\t\t\t\t<\/div>\n\t\t\t\t<div class=\"elementor-element elementor-element-53fdeca elementor-widget elementor-widget-spacer\" data-id=\"53fdeca\" data-element_type=\"widget\" data-e-type=\"widget\" data-widget_type=\"spacer.default\">\n\t\t\t\t<div class=\"elementor-widget-container\">\n\t\t\t\t\t\t\t<div class=\"elementor-spacer\">\n\t\t\t<div class=\"elementor-spacer-inner\"><\/div>\n\t\t<\/div>\n\t\t\t\t\t\t<\/div>\n\t\t\t\t<\/div>\n\t\t\t\t<div class=\"elementor-element elementor-element-34b9f24 elementor-widget elementor-widget-heading\" data-id=\"34b9f24\" data-element_type=\"widget\" data-e-type=\"widget\" data-widget_type=\"heading.default\">\n\t\t\t\t<div class=\"elementor-widget-container\">\n\t\t\t\t\t<h2 class=\"elementor-heading-title elementor-size-default\">Expo Kiamika  samedi le 15 ao\u00fbt 2026<\/h2>\t\t\t\t<\/div>\n\t\t\t\t<\/div>\n\t\t\t\t<div class=\"elementor-element elementor-element-f6b728f elementor-widget elementor-widget-image\" data-id=\"f6b728f\" data-element_type=\"widget\" data-e-type=\"widget\" data-widget_type=\"image.default\">\n\t\t\t\t<div class=\"elementor-widget-container\">\n\t\t\t\t\t\t\t\t\t\t\t\t\t\t\t<img loading=\"lazy\" decoding=\"async\" width=\"1024\" height=\"354\" src=\"https:\/\/avao.ca\/wp-content\/uploads\/2026\/03\/Kiamika-1-1024x354.png\" class=\"attachment-large size-large wp-image-18074\" alt=\"\" srcset=\"https:\/\/avao.ca\/wp-content\/uploads\/2026\/03\/Kiamika-1-1024x354.png 1024w, https:\/\/avao.ca\/wp-content\/uploads\/2026\/03\/Kiamika-1-300x104.png 300w, https:\/\/avao.ca\/wp-content\/uploads\/2026\/03\/Kiamika-1-768x265.png 768w, https:\/\/avao.ca\/wp-content\/uploads\/2026\/03\/Kiamika-1-1536x531.png 1536w, https:\/\/avao.ca\/wp-content\/uploads\/2026\/03\/Kiamika-1-2048x708.png 2048w, https:\/\/avao.ca\/wp-content\/uploads\/2026\/03\/Kiamika-1-18x6.png 18w\" sizes=\"(max-width: 1024px) 100vw, 1024px\" \/>\t\t\t\t\t\t\t\t\t\t\t\t\t\t\t<\/div>\n\t\t\t\t<\/div>\n\t\t\t\t<div class=\"elementor-element elementor-element-aa012bf elementor-widget elementor-widget-spacer\" data-id=\"aa012bf\" data-element_type=\"widget\" data-e-type=\"widget\" data-widget_type=\"spacer.default\">\n\t\t\t\t<div class=\"elementor-widget-container\">\n\t\t\t\t\t\t\t<div class=\"elementor-spacer\">\n\t\t\t<div class=\"elementor-spacer-inner\"><\/div>\n\t\t<\/div>\n\t\t\t\t\t\t<\/div>\n\t\t\t\t<\/div>\n\t\t\t\t<div class=\"elementor-element elementor-element-50a9f27 elementor-widget elementor-widget-heading\" data-id=\"50a9f27\" data-element_type=\"widget\" data-e-type=\"widget\" data-widget_type=\"heading.default\">\n\t\t\t\t<div class=\"elementor-widget-container\">\n\t\t\t\t\t<h2 class=\"elementor-heading-title elementor-size-default\">Exposition de voitures de Maniwaki   samedi le 22 ao\u00fbt 2026\n<\/h2>\t\t\t\t<\/div>\n\t\t\t\t<\/div>\n\t\t\t\t<div class=\"elementor-element elementor-element-1abcfa2 elementor-widget elementor-widget-image\" data-id=\"1abcfa2\" data-element_type=\"widget\" data-e-type=\"widget\" data-widget_type=\"image.default\">\n\t\t\t\t<div class=\"elementor-widget-container\">\n\t\t\t\t\t\t\t\t\t\t\t\t\t\t\t<img loading=\"lazy\" decoding=\"async\" width=\"657\" height=\"1024\" src=\"https:\/\/avao.ca\/wp-content\/uploads\/2026\/03\/Maniwaki-1-657x1024.jpg\" class=\"attachment-large size-large wp-image-18075\" alt=\"\" srcset=\"https:\/\/avao.ca\/wp-content\/uploads\/2026\/03\/Maniwaki-1-657x1024.jpg 657w, https:\/\/avao.ca\/wp-content\/uploads\/2026\/03\/Maniwaki-1-192x300.jpg 192w, https:\/\/avao.ca\/wp-content\/uploads\/2026\/03\/Maniwaki-1-768x1198.jpg 768w, https:\/\/avao.ca\/wp-content\/uploads\/2026\/03\/Maniwaki-1-985x1536.jpg 985w, https:\/\/avao.ca\/wp-content\/uploads\/2026\/03\/Maniwaki-1-1313x2048.jpg 1313w, https:\/\/avao.ca\/wp-content\/uploads\/2026\/03\/Maniwaki-1-8x12.jpg 8w, https:\/\/avao.ca\/wp-content\/uploads\/2026\/03\/Maniwaki-1-scaled.jpg 1642w\" sizes=\"(max-width: 657px) 100vw, 657px\" \/>\t\t\t\t\t\t\t\t\t\t\t\t\t\t\t<\/div>\n\t\t\t\t<\/div>\n\t\t\t\t<div class=\"elementor-element elementor-element-1c8015d elementor-widget elementor-widget-spacer\" data-id=\"1c8015d\" data-element_type=\"widget\" data-e-type=\"widget\" data-widget_type=\"spacer.default\">\n\t\t\t\t<div class=\"elementor-widget-container\">\n\t\t\t\t\t\t\t<div class=\"elementor-spacer\">\n\t\t\t<div class=\"elementor-spacer-inner\"><\/div>\n\t\t<\/div>\n\t\t\t\t\t\t<\/div>\n\t\t\t\t<\/div>\n\t\t\t\t<div class=\"elementor-element elementor-element-53a75d5 elementor-widget elementor-widget-spacer\" data-id=\"53a75d5\" data-element_type=\"widget\" data-e-type=\"widget\" data-widget_type=\"spacer.default\">\n\t\t\t\t<div class=\"elementor-widget-container\">\n\t\t\t\t\t\t\t<div class=\"elementor-spacer\">\n\t\t\t<div class=\"elementor-spacer-inner\"><\/div>\n\t\t<\/div>\n\t\t\t\t\t\t<\/div>\n\t\t\t\t<\/div>\n\t\t\t\t\t<\/div>\n\t\t<\/div>\n\t\t\t\t\t<\/div>\n\t\t<\/section>\n\t\t\t\t<section class=\"elementor-section elementor-top-section elementor-element elementor-element-0b52d28 elementor-section-boxed elementor-section-height-default elementor-section-height-default\" data-id=\"0b52d28\" data-element_type=\"section\" data-e-type=\"section\">\n\t\t\t\t\t\t<div class=\"elementor-container elementor-column-gap-default\">\n\t\t\t\t\t<div class=\"elementor-column elementor-col-100 elementor-top-column elementor-element elementor-element-4fd33e2\" data-id=\"4fd33e2\" data-element_type=\"column\" data-e-type=\"column\">\n\t\t\t<div class=\"elementor-widget-wrap\">\n\t\t\t\t\t\t\t<\/div>\n\t\t<\/div>\n\t\t\t\t\t<\/div>\n\t\t<\/section>\n\t\t\t\t<\/div>","protected":false},"excerpt":{"rendered":"<p>Calendrier des activit\u00e9s Les heures et endroits des d\u00e9parts vous seront communiqu\u00e9s lors des rencontres du mercredi Les rencontres de la saison 2026 se tiendront au 25 Chemin de la Savane dans le stationnement du Domino&rsquo;s Pizza d\u00e8s le 6 mai 2026 Cliquer sur l&rsquo;auto puour afficher la mappe Luskville Drag Way dimanche le 7 [&hellip;]<\/p>\n","protected":false},"author":1,"featured_media":0,"parent":0,"menu_order":0,"comment_status":"closed","ping_status":"closed","template":"","meta":{"ngg_post_thumbnail":0,"ocean_post_layout":"full-screen","ocean_both_sidebars_style":"","ocean_both_sidebars_content_width":0,"ocean_both_sidebars_sidebars_width":0,"ocean_sidebar":"0","ocean_second_sidebar":"0","ocean_disable_margins":"enable","ocean_add_body_class":"","ocean_shortcode_before_top_bar":"","ocean_shortcode_after_top_bar":"","ocean_shortcode_before_header":"","ocean_shortcode_after_header":"","ocean_has_shortcode":"","ocean_shortcode_after_title":"","ocean_shortcode_before_footer_widgets":"","ocean_shortcode_after_footer_widgets":"","ocean_shortcode_before_footer_bottom":"","ocean_shortcode_after_footer_bottom":"","ocean_display_top_bar":"default","ocean_display_header":"default","ocean_header_style":"","ocean_center_header_left_menu":"0","ocean_custom_header_template":"0","ocean_custom_logo":0,"ocean_custom_retina_logo":0,"ocean_custom_logo_max_width":0,"ocean_custom_logo_tablet_max_width":0,"ocean_custom_logo_mobile_max_width":0,"ocean_custom_logo_max_height":0,"ocean_custom_logo_tablet_max_height":0,"ocean_custom_logo_mobile_max_height":0,"ocean_header_custom_menu":"0","ocean_menu_typo_font_family":"0","ocean_menu_typo_font_subset":"","ocean_menu_typo_font_size":0,"ocean_menu_typo_font_size_tablet":0,"ocean_menu_typo_font_size_mobile":0,"ocean_menu_typo_font_size_unit":"px","ocean_menu_typo_font_weight":"","ocean_menu_typo_font_weight_tablet":"","ocean_menu_typo_font_weight_mobile":"","ocean_menu_typo_transform":"","ocean_menu_typo_transform_tablet":"","ocean_menu_typo_transform_mobile":"","ocean_menu_typo_line_height":0,"ocean_menu_typo_line_height_tablet":0,"ocean_menu_typo_line_height_mobile":0,"ocean_menu_typo_line_height_unit":"","ocean_menu_typo_spacing":0,"ocean_menu_typo_spacing_tablet":0,"ocean_menu_typo_spacing_mobile":0,"ocean_menu_typo_spacing_unit":"","ocean_menu_link_color":"","ocean_menu_link_color_hover":"","ocean_menu_link_color_active":"","ocean_menu_link_background":"","ocean_menu_link_hover_background":"","ocean_menu_link_active_background":"","ocean_menu_social_links_bg":"","ocean_menu_social_hover_links_bg":"","ocean_menu_social_links_color":"","ocean_menu_social_hover_links_color":"","ocean_disable_title":"on","ocean_disable_heading":"default","ocean_post_title":"","ocean_post_subheading":"","ocean_post_title_style":"","ocean_post_title_background_color":"","ocean_post_title_background":0,"ocean_post_title_bg_image_position":"","ocean_post_title_bg_image_attachment":"","ocean_post_title_bg_image_repeat":"","ocean_post_title_bg_image_size":"","ocean_post_title_height":0,"ocean_post_title_bg_overlay":0.5,"ocean_post_title_bg_overlay_color":"","ocean_disable_breadcrumbs":"default","ocean_breadcrumbs_color":"","ocean_breadcrumbs_separator_color":"","ocean_breadcrumbs_links_color":"","ocean_breadcrumbs_links_hover_color":"","ocean_display_footer_widgets":"default","ocean_display_footer_bottom":"default","ocean_custom_footer_template":"0","footnotes":""},"class_list":["post-66","page","type-page","status-publish","hentry","entry"],"_links":{"self":[{"href":"https:\/\/avao.ca\/en\/wp-json\/wp\/v2\/pages\/66","targetHints":{"allow":["GET"]}}],"collection":[{"href":"https:\/\/avao.ca\/en\/wp-json\/wp\/v2\/pages"}],"about":[{"href":"https:\/\/avao.ca\/en\/wp-json\/wp\/v2\/types\/page"}],"author":[{"embeddable":true,"href":"https:\/\/avao.ca\/en\/wp-json\/wp\/v2\/users\/1"}],"replies":[{"embeddable":true,"href":"https:\/\/avao.ca\/en\/wp-json\/wp\/v2\/comments?post=66"}],"version-history":[{"count":1230,"href":"https:\/\/avao.ca\/en\/wp-json\/wp\/v2\/pages\/66\/revisions"}],"predecessor-version":[{"id":18201,"href":"https:\/\/avao.ca\/en\/wp-json\/wp\/v2\/pages\/66\/revisions\/18201"}],"wp:attachment":[{"href":"https:\/\/avao.ca\/en\/wp-json\/wp\/v2\/media?parent=66"}],"curies":[{"name":"wp","href":"https:\/\/api.w.org\/{rel}","templated":true}]}}